{"id":2161,"date":"2025-05-29T18:02:47","date_gmt":"2025-05-29T16:02:47","guid":{"rendered":"https:\/\/clinicaguadalupemaracay.com\/?page_id=2161"},"modified":"2025-07-10T00:01:45","modified_gmt":"2025-07-09T22:01:45","slug":"especialidades","status":"publish","type":"page","link":"https:\/\/clinicaguadalupemaracay.com\/en\/especialidades\/","title":{"rendered":"Specialties"},"content":{"rendered":"<div data-elementor-type=\"wp-page\" data-elementor-id=\"2161\" class=\"elementor elementor-2161\" data-elementor-settings=\"{&quot;ha_cmc_init_switcher&quot;:&quot;no&quot;}\">\n\t\t\t\t<div class=\"elementor-element elementor-element-0609b2d e-flex e-con-boxed e-con e-parent\" data-id=\"0609b2d\" data-element_type=\"container\" data-e-type=\"container\" data-settings=\"{&quot;_ha_eqh_enable&quot;:false}\">\n\t\t\t\t\t<div class=\"e-con-inner\">\n\t\t\t\t<div class=\"elementor-element elementor-element-4394ad9 elementor-widget elementor-widget-heading\" data-id=\"4394ad9\" data-element_type=\"widget\" data-e-type=\"widget\" data-widget_type=\"heading.default\">\n\t\t\t\t<div class=\"elementor-widget-container\">\n\t\t\t\t\t<h2 class=\"elementor-heading-title elementor-size-default\">Especialidades M\u00e9dicas<\/h2>\t\t\t\t<\/div>\n\t\t\t\t<\/div>\n\t\t\t\t<div class=\"elementor-element elementor-element-46f7311 elementor-widget__width-initial elementor-widget elementor-widget-image\" data-id=\"46f7311\" data-element_type=\"widget\" data-e-type=\"widget\" data-widget_type=\"image.default\">\n\t\t\t\t<div class=\"elementor-widget-container\">\n\t\t\t\t\t\t\t\t\t\t\t\t\t\t\t<img fetchpriority=\"high\" decoding=\"async\" width=\"1024\" height=\"156\" src=\"https:\/\/clinicaguadalupemaracay.com\/wp-content\/uploads\/2025\/05\/f-c-1024x156-1.png\" class=\"attachment-large size-large wp-image-2191\" alt=\"\" srcset=\"https:\/\/clinicaguadalupemaracay.com\/wp-content\/uploads\/2025\/05\/f-c-1024x156-1.png 1024w, https:\/\/clinicaguadalupemaracay.com\/wp-content\/uploads\/2025\/05\/f-c-1024x156-1-300x46.png 300w, https:\/\/clinicaguadalupemaracay.com\/wp-content\/uploads\/2025\/05\/f-c-1024x156-1-768x117.png 768w, https:\/\/clinicaguadalupemaracay.com\/wp-content\/uploads\/2025\/05\/f-c-1024x156-1-18x3.png 18w\" sizes=\"(max-width: 1024px) 100vw, 1024px\" \/>\t\t\t\t\t\t\t\t\t\t\t\t\t\t\t<\/div>\n\t\t\t\t<\/div>\n\t\t\t\t\t<\/div>\n\t\t\t\t<\/div>\n\t\t<div class=\"elementor-element elementor-element-8fbd246 e-grid e-con-boxed e-con e-parent\" data-id=\"8fbd246\" data-element_type=\"container\" data-e-type=\"container\" data-settings=\"{&quot;_ha_eqh_enable&quot;:false}\">\n\t\t\t\t\t<div class=\"e-con-inner\">\n\t\t\t\t<div class=\"elementor-element elementor-element-20af736 ha-card--top ha-card--tablet-top ha-card--mobile-top elementor-widget elementor-widget-ha-card happy-addon ha-card\" data-id=\"20af736\" data-element_type=\"widget\" data-e-type=\"widget\" data-widget_type=\"ha-card.default\">\n\t\t\t\t<div class=\"elementor-widget-container\">\n\t\t\t\t\t\n\t\t\t\t\t<figure class=\"ha-card-figure\">\n\t\t\t\t<img decoding=\"async\" width=\"1726\" height=\"1286\" src=\"https:\/\/clinicaguadalupemaracay.com\/wp-content\/uploads\/2025\/07\/P1160564-scaled-e1752098495626.jpg\" class=\"attachment-full size-full wp-image-2546\" alt=\"\" srcset=\"https:\/\/clinicaguadalupemaracay.com\/wp-content\/uploads\/2025\/07\/P1160564-scaled-e1752098495626.jpg 1726w, https:\/\/clinicaguadalupemaracay.com\/wp-content\/uploads\/2025\/07\/P1160564-scaled-e1752098495626-300x224.jpg 300w, https:\/\/clinicaguadalupemaracay.com\/wp-content\/uploads\/2025\/07\/P1160564-scaled-e1752098495626-1024x763.jpg 1024w, https:\/\/clinicaguadalupemaracay.com\/wp-content\/uploads\/2025\/07\/P1160564-scaled-e1752098495626-768x572.jpg 768w, https:\/\/clinicaguadalupemaracay.com\/wp-content\/uploads\/2025\/07\/P1160564-scaled-e1752098495626-1536x1144.jpg 1536w, https:\/\/clinicaguadalupemaracay.com\/wp-content\/uploads\/2025\/07\/P1160564-scaled-e1752098495626-16x12.jpg 16w\" sizes=\"(max-width: 1726px) 100vw, 1726px\" \/>\t\t\t\t\t\t\t<\/figure>\n\t\t\n\t\t<div class=\"ha-card-body\">\n\n\t\t\t<h2 class=\"ha-card-title\">Cirug\u00eda General<\/h2>\n\t\t\t\t\t\t\t<div class=\"ha-card-text\">\n\t\t\t\t\t<p>Procedimientos quir\u00fargicos especializados en enfermedades del sistema digestivo, abdominal y otros \u00f3rganos, brindando soluciones efectivas y seguras.\n\n<\/p>\n\t\t\t\t<\/div>\n\t\t\t\n\t\t\t\t\t<\/div>\n\t\t\t\t\t\t<\/div>\n\t\t\t\t<\/div>\n\t\t\t\t<div class=\"elementor-element elementor-element-7773aed ha-card--top ha-card--tablet-top ha-card--mobile-top elementor-widget elementor-widget-ha-card happy-addon ha-card\" data-id=\"7773aed\" data-element_type=\"widget\" data-e-type=\"widget\" data-widget_type=\"ha-card.default\">\n\t\t\t\t<div class=\"elementor-widget-container\">\n\t\t\t\t\t\n\t\t\t\t\t<figure class=\"ha-card-figure\">\n\t\t\t\t<img decoding=\"async\" width=\"640\" height=\"423\" src=\"https:\/\/clinicaguadalupemaracay.com\/wp-content\/uploads\/2025\/05\/mejores-vph-urologocmdx-hiperplasia-inflamada-cancer-piedrasenlosrinones-calculosrenales-circuncision-viruspapilomahumano-vph-enfermedadesdetransmisionsexual-ets.jpg\" class=\"attachment-large size-large wp-image-2303\" alt=\"\" srcset=\"https:\/\/clinicaguadalupemaracay.com\/wp-content\/uploads\/2025\/05\/mejores-vph-urologocmdx-hiperplasia-inflamada-cancer-piedrasenlosrinones-calculosrenales-circuncision-viruspapilomahumano-vph-enfermedadesdetransmisionsexual-ets.jpg 640w, https:\/\/clinicaguadalupemaracay.com\/wp-content\/uploads\/2025\/05\/mejores-vph-urologocmdx-hiperplasia-inflamada-cancer-piedrasenlosrinones-calculosrenales-circuncision-viruspapilomahumano-vph-enfermedadesdetransmisionsexual-ets-300x198.jpg 300w, https:\/\/clinicaguadalupemaracay.com\/wp-content\/uploads\/2025\/05\/mejores-vph-urologocmdx-hiperplasia-inflamada-cancer-piedrasenlosrinones-calculosrenales-circuncision-viruspapilomahumano-vph-enfermedadesdetransmisionsexual-ets-18x12.jpg 18w\" sizes=\"(max-width: 640px) 100vw, 640px\" \/>\t\t\t\t\t\t\t<\/figure>\n\t\t\n\t\t<div class=\"ha-card-body\">\n\n\t\t\t<h2 class=\"ha-card-title\">Urolog\u00eda<\/h2>\n\t\t\t\t\t\t\t<div class=\"ha-card-text\">\n\t\t\t\t\t<p>Diagn\u00f3stico y tratamiento de enfermedades del sistema urinario, trastornos de la vejiga, ri\u00f1ones, pr\u00f3stata y sistema reproductivo. (hombres y mujeres).<\/p>\n\t\t\t\t<\/div>\n\t\t\t\n\t\t\t\t\t<\/div>\n\t\t\t\t\t\t<\/div>\n\t\t\t\t<\/div>\n\t\t\t\t<div class=\"elementor-element elementor-element-5f99596 ha-card--top ha-card--tablet-top ha-card--mobile-top elementor-widget elementor-widget-ha-card happy-addon ha-card\" data-id=\"5f99596\" data-element_type=\"widget\" data-e-type=\"widget\" data-widget_type=\"ha-card.default\">\n\t\t\t\t<div class=\"elementor-widget-container\">\n\t\t\t\t\t\n\t\t\t\t\t<figure class=\"ha-card-figure\">\n\t\t\t\t<img loading=\"lazy\" decoding=\"async\" width=\"1024\" height=\"681\" src=\"https:\/\/clinicaguadalupemaracay.com\/wp-content\/uploads\/2025\/05\/Queeslaginecologia-1024x681.jpg\" class=\"attachment-large size-large wp-image-2304\" alt=\"\" srcset=\"https:\/\/clinicaguadalupemaracay.com\/wp-content\/uploads\/2025\/05\/Queeslaginecologia-1024x681.jpg 1024w, https:\/\/clinicaguadalupemaracay.com\/wp-content\/uploads\/2025\/05\/Queeslaginecologia-300x200.jpg 300w, https:\/\/clinicaguadalupemaracay.com\/wp-content\/uploads\/2025\/05\/Queeslaginecologia-768x511.jpg 768w, https:\/\/clinicaguadalupemaracay.com\/wp-content\/uploads\/2025\/05\/Queeslaginecologia-18x12.jpg 18w, https:\/\/clinicaguadalupemaracay.com\/wp-content\/uploads\/2025\/05\/Queeslaginecologia.jpg 1200w\" sizes=\"(max-width: 1024px) 100vw, 1024px\" \/>\t\t\t\t\t\t\t<\/figure>\n\t\t\n\t\t<div class=\"ha-card-body\">\n\n\t\t\t<h2 class=\"ha-card-title\">Ginecolog\u00eda<\/h2>\n\t\t\t\t\t\t\t<div class=\"ha-card-text\">\n\t\t\t\t\t<p>Cuidado integral de la salud femenina, ex\u00e1menes, asesoramiento en anticoncepci\u00f3n, seguimiento del embarazo y trastornos ginecol\u00f3gicos.<\/p>\n\t\t\t\t<\/div>\n\t\t\t\n\t\t\t\t\t<\/div>\n\t\t\t\t\t\t<\/div>\n\t\t\t\t<\/div>\n\t\t\t\t<div class=\"elementor-element elementor-element-464378b ha-card--top ha-card--tablet-top ha-card--mobile-top elementor-widget elementor-widget-ha-card happy-addon ha-card\" data-id=\"464378b\" data-element_type=\"widget\" data-e-type=\"widget\" data-widget_type=\"ha-card.default\">\n\t\t\t\t<div class=\"elementor-widget-container\">\n\t\t\t\t\t\n\t\t\t\t\t<figure class=\"ha-card-figure\">\n\t\t\t\t<img loading=\"lazy\" decoding=\"async\" width=\"996\" height=\"664\" src=\"https:\/\/clinicaguadalupemaracay.com\/wp-content\/uploads\/2025\/05\/traumatologia-soluciones-lesiones.jpg\" class=\"attachment-large size-large wp-image-2305\" alt=\"\" srcset=\"https:\/\/clinicaguadalupemaracay.com\/wp-content\/uploads\/2025\/05\/traumatologia-soluciones-lesiones.jpg 996w, https:\/\/clinicaguadalupemaracay.com\/wp-content\/uploads\/2025\/05\/traumatologia-soluciones-lesiones-300x200.jpg 300w, https:\/\/clinicaguadalupemaracay.com\/wp-content\/uploads\/2025\/05\/traumatologia-soluciones-lesiones-768x512.jpg 768w, https:\/\/clinicaguadalupemaracay.com\/wp-content\/uploads\/2025\/05\/traumatologia-soluciones-lesiones-18x12.jpg 18w\" sizes=\"(max-width: 996px) 100vw, 996px\" \/>\t\t\t\t\t\t\t<\/figure>\n\t\t\n\t\t<div class=\"ha-card-body\">\n\n\t\t\t<h2 class=\"ha-card-title\">Traumatolog\u00eda<\/h2>\n\t\t\t\t\t\t\t<div class=\"ha-card-text\">\n\t\t\t\t\t<p>Diagn\u00f3stico y tratamiento de lesiones musculoesquel\u00e9ticas, ofreciendo atenci\u00f3n especializada para recuperaci\u00f3n y rehabilitaci\u00f3n \u00f3ptima.<\/p>\n\t\t\t\t<\/div>\n\t\t\t\n\t\t\t\t\t<\/div>\n\t\t\t\t\t\t<\/div>\n\t\t\t\t<\/div>\n\t\t\t\t<div class=\"elementor-element elementor-element-9b9aa34 ha-card--top ha-card--tablet-top ha-card--mobile-top elementor-widget elementor-widget-ha-card happy-addon ha-card\" data-id=\"9b9aa34\" data-element_type=\"widget\" data-e-type=\"widget\" data-widget_type=\"ha-card.default\">\n\t\t\t\t<div class=\"elementor-widget-container\">\n\t\t\t\t\t\n\t\t\t\t\t<figure class=\"ha-card-figure\">\n\t\t\t\t<img loading=\"lazy\" decoding=\"async\" width=\"550\" height=\"367\" src=\"https:\/\/clinicaguadalupemaracay.com\/wp-content\/uploads\/2025\/05\/examen-de-gastroenterologia-2-550x367-1.jpg\" class=\"attachment-large size-large wp-image-2306\" alt=\"\" srcset=\"https:\/\/clinicaguadalupemaracay.com\/wp-content\/uploads\/2025\/05\/examen-de-gastroenterologia-2-550x367-1.jpg 550w, https:\/\/clinicaguadalupemaracay.com\/wp-content\/uploads\/2025\/05\/examen-de-gastroenterologia-2-550x367-1-300x200.jpg 300w, https:\/\/clinicaguadalupemaracay.com\/wp-content\/uploads\/2025\/05\/examen-de-gastroenterologia-2-550x367-1-18x12.jpg 18w\" sizes=\"(max-width: 550px) 100vw, 550px\" \/>\t\t\t\t\t\t\t<\/figure>\n\t\t\n\t\t<div class=\"ha-card-body\">\n\n\t\t\t<h2 class=\"ha-card-title\">Gastroenterolog\u00eda<\/h2>\n\t\t\t\t\t\t\t<div class=\"ha-card-text\">\n\t\t\t\t\t<p>Nuestra experiencia en gastrobari\u00e1trica nos permite ofrecerte procedimientos efectivos y seguros, con enfoque en la precisi\u00f3n, personalizaci\u00f3n y calidad de la atenci\u00f3n.<\/p>\n\t\t\t\t<\/div>\n\t\t\t\n\t\t\t\t\t<\/div>\n\t\t\t\t\t\t<\/div>\n\t\t\t\t<\/div>\n\t\t\t\t<div class=\"elementor-element elementor-element-1f0e097 ha-card--top ha-card--tablet-top ha-card--mobile-top elementor-widget elementor-widget-ha-card happy-addon ha-card\" data-id=\"1f0e097\" data-element_type=\"widget\" data-e-type=\"widget\" data-widget_type=\"ha-card.default\">\n\t\t\t\t<div class=\"elementor-widget-container\">\n\t\t\t\t\t\n\t\t\t\t\t<figure class=\"ha-card-figure\">\n\t\t\t\t<img loading=\"lazy\" decoding=\"async\" width=\"1000\" height=\"625\" src=\"https:\/\/clinicaguadalupemaracay.com\/wp-content\/uploads\/2025\/05\/otorrinolaringologia.jpg\" class=\"attachment-large size-large wp-image-2307\" alt=\"\" srcset=\"https:\/\/clinicaguadalupemaracay.com\/wp-content\/uploads\/2025\/05\/otorrinolaringologia.jpg 1000w, https:\/\/clinicaguadalupemaracay.com\/wp-content\/uploads\/2025\/05\/otorrinolaringologia-300x188.jpg 300w, https:\/\/clinicaguadalupemaracay.com\/wp-content\/uploads\/2025\/05\/otorrinolaringologia-768x480.jpg 768w, https:\/\/clinicaguadalupemaracay.com\/wp-content\/uploads\/2025\/05\/otorrinolaringologia-18x12.jpg 18w\" sizes=\"(max-width: 1000px) 100vw, 1000px\" \/>\t\t\t\t\t\t\t<\/figure>\n\t\t\n\t\t<div class=\"ha-card-body\">\n\n\t\t\t<h2 class=\"ha-card-title\">Otorrinolaringolog\u00eda<\/h2>\n\t\t\t\t\t\t\t<div class=\"ha-card-text\">\n\t\t\t\t\t<p>Diagn\u00f3stico y tratamiento de enfermedades del o\u00eddo, nariz y garganta, ofreciendo soluciones especializadas para mejorar la calidad auditiva y respiratoria.<\/p>\n\t\t\t\t<\/div>\n\t\t\t\n\t\t\t\t\t<\/div>\n\t\t\t\t\t\t<\/div>\n\t\t\t\t<\/div>\n\t\t\t\t<div class=\"elementor-element elementor-element-8f73fda ha-card--top ha-card--tablet-top ha-card--mobile-top elementor-widget elementor-widget-ha-card happy-addon ha-card\" data-id=\"8f73fda\" data-element_type=\"widget\" data-e-type=\"widget\" data-widget_type=\"ha-card.default\">\n\t\t\t\t<div class=\"elementor-widget-container\">\n\t\t\t\t\t\n\t\t\t\t\t<figure class=\"ha-card-figure\">\n\t\t\t\t<img loading=\"lazy\" decoding=\"async\" width=\"980\" height=\"580\" src=\"https:\/\/clinicaguadalupemaracay.com\/wp-content\/uploads\/2025\/05\/plastic_surgery-980x580-1.jpg\" class=\"attachment-large size-large wp-image-2309\" alt=\"\" srcset=\"https:\/\/clinicaguadalupemaracay.com\/wp-content\/uploads\/2025\/05\/plastic_surgery-980x580-1.jpg 980w, https:\/\/clinicaguadalupemaracay.com\/wp-content\/uploads\/2025\/05\/plastic_surgery-980x580-1-300x178.jpg 300w, https:\/\/clinicaguadalupemaracay.com\/wp-content\/uploads\/2025\/05\/plastic_surgery-980x580-1-768x455.jpg 768w, https:\/\/clinicaguadalupemaracay.com\/wp-content\/uploads\/2025\/05\/plastic_surgery-980x580-1-18x12.jpg 18w\" sizes=\"(max-width: 980px) 100vw, 980px\" \/>\t\t\t\t\t\t\t<\/figure>\n\t\t\n\t\t<div class=\"ha-card-body\">\n\n\t\t\t<h2 class=\"ha-card-title\">Cirug\u00eda Pl\u00e1stica<\/h2>\n\t\t\t\t\t\t\t<div class=\"ha-card-text\">\n\t\t\t\t\t<p>Procedimientos est\u00e9ticos y reconstructivos para corregir o mejorar defectos cong\u00e9nitos o adquiridos, realizados por cirujanos pl\u00e1sticos altamente capacitados.<\/p>\n\t\t\t\t<\/div>\n\t\t\t\n\t\t\t\t\t<\/div>\n\t\t\t\t\t\t<\/div>\n\t\t\t\t<\/div>\n\t\t\t\t<div class=\"elementor-element elementor-element-aefbed0 ha-card--top ha-card--tablet-top ha-card--mobile-top elementor-widget elementor-widget-ha-card happy-addon ha-card\" data-id=\"aefbed0\" data-element_type=\"widget\" data-e-type=\"widget\" data-widget_type=\"ha-card.default\">\n\t\t\t\t<div class=\"elementor-widget-container\">\n\t\t\t\t\t\n\t\t\t\t\t<figure class=\"ha-card-figure\">\n\t\t\t\t<img loading=\"lazy\" decoding=\"async\" width=\"337\" height=\"150\" src=\"https:\/\/clinicaguadalupemaracay.com\/wp-content\/uploads\/2025\/05\/images.jpg\" class=\"attachment-large size-large wp-image-2310\" alt=\"\" srcset=\"https:\/\/clinicaguadalupemaracay.com\/wp-content\/uploads\/2025\/05\/images.jpg 337w, https:\/\/clinicaguadalupemaracay.com\/wp-content\/uploads\/2025\/05\/images-300x134.jpg 300w, https:\/\/clinicaguadalupemaracay.com\/wp-content\/uploads\/2025\/05\/images-18x8.jpg 18w\" sizes=\"(max-width: 337px) 100vw, 337px\" \/>\t\t\t\t\t\t\t<\/figure>\n\t\t\n\t\t<div class=\"ha-card-body\">\n\n\t\t\t<h2 class=\"ha-card-title\">Proctolog\u00eda<\/h2>\n\t\t\t\t\t\t\t<div class=\"ha-card-text\">\n\t\t\t\t\t<p>Nos ocupamos del diagn\u00f3stico y tratamiento, ya sea quir\u00fargico o no quir\u00fargico, de todas las enfermedades que afectan al ano, el recto y el colon.<\/p>\n\t\t\t\t<\/div>\n\t\t\t\n\t\t\t\t\t<\/div>\n\t\t\t\t\t\t<\/div>\n\t\t\t\t<\/div>\n\t\t\t\t<div class=\"elementor-element elementor-element-270fa37 ha-card--top ha-card--tablet-top ha-card--mobile-top elementor-widget elementor-widget-ha-card happy-addon ha-card\" data-id=\"270fa37\" data-element_type=\"widget\" data-e-type=\"widget\" data-widget_type=\"ha-card.default\">\n\t\t\t\t<div class=\"elementor-widget-container\">\n\t\t\t\t\t\n\t\t\t\t\t<figure class=\"ha-card-figure\">\n\t\t\t\t<img loading=\"lazy\" decoding=\"async\" width=\"950\" height=\"633\" src=\"https:\/\/clinicaguadalupemaracay.com\/wp-content\/uploads\/2025\/05\/pphoto-2551.jpg\" class=\"attachment-large size-large wp-image-2311\" alt=\"\" srcset=\"https:\/\/clinicaguadalupemaracay.com\/wp-content\/uploads\/2025\/05\/pphoto-2551.jpg 950w, https:\/\/clinicaguadalupemaracay.com\/wp-content\/uploads\/2025\/05\/pphoto-2551-300x200.jpg 300w, https:\/\/clinicaguadalupemaracay.com\/wp-content\/uploads\/2025\/05\/pphoto-2551-768x512.jpg 768w, https:\/\/clinicaguadalupemaracay.com\/wp-content\/uploads\/2025\/05\/pphoto-2551-18x12.jpg 18w\" sizes=\"(max-width: 950px) 100vw, 950px\" \/>\t\t\t\t\t\t\t<\/figure>\n\t\t\n\t\t<div class=\"ha-card-body\">\n\n\t\t\t<h2 class=\"ha-card-title\">Unidad de Atenci\u00f3n Pedi\u00e1trica<\/h2>\n\t\t\t\t\t\t\t<div class=\"ha-card-text\">\n\t\t\t\t\t<p>Cuidamos la salud de tus peque\u00f1os con personal m\u00e9dico especializado, atenci\u00f3n integral y tecnolog\u00eda avanzada para garantizar su bienestar.<\/p>\n\t\t\t\t<\/div>\n\t\t\t\n\t\t\t\t\t<\/div>\n\t\t\t\t\t\t<\/div>\n\t\t\t\t<\/div>\n\t\t\t\t<div class=\"elementor-element elementor-element-e9a84d8 ha-card--top ha-card--tablet-top ha-card--mobile-top elementor-widget elementor-widget-ha-card happy-addon ha-card\" data-id=\"e9a84d8\" data-element_type=\"widget\" data-e-type=\"widget\" data-widget_type=\"ha-card.default\">\n\t\t\t\t<div class=\"elementor-widget-container\">\n\t\t\t\t\t\n\t\t\t\t\t<figure class=\"ha-card-figure\">\n\t\t\t\t<img decoding=\"async\" src=\"https:\/\/images.pexels.com\/photos\/5207102\/pexels-photo-5207102.jpeg\" title=\"\" alt=\"Cardiologia\" loading=\"lazy\" \/>\t\t\t\t\t\t\t<\/figure>\n\t\t\n\t\t<div class=\"ha-card-body\">\n\n\t\t\t<h2 class=\"ha-card-title\">Cardiolog\u00eda<\/h2>\n\t\t\t\t\t\t\t<div class=\"ha-card-text\">\n\t\t\t\t\t<p>Nos especializamos en el diagn\u00f3stico, prevenci\u00f3n y tratamiento de las enfermedades del coraz\u00f3n y el sistema circulatorio, para mantener tu salud cardiovascular.<\/p>\n\t\t\t\t<\/div>\n\t\t\t\n\t\t\t\t\t<\/div>\n\t\t\t\t\t\t<\/div>\n\t\t\t\t<\/div>\n\t\t\t\t<div class=\"elementor-element elementor-element-619d66f ha-card--top ha-card--tablet-top ha-card--mobile-top elementor-widget elementor-widget-ha-card happy-addon ha-card\" data-id=\"619d66f\" data-element_type=\"widget\" data-e-type=\"widget\" data-widget_type=\"ha-card.default\">\n\t\t\t\t<div class=\"elementor-widget-container\">\n\t\t\t\t\t\n\t\t\t\t\t<figure class=\"ha-card-figure\">\n\t\t\t\t<img decoding=\"async\" src=\"https:\/\/images.pexels.com\/photos\/8219158\/pexels-photo-8219158.jpeg\" title=\"\" alt=\"fisiatra\" loading=\"lazy\" \/>\t\t\t\t\t\t\t<\/figure>\n\t\t\n\t\t<div class=\"ha-card-body\">\n\n\t\t\t<h2 class=\"ha-card-title\">Fisiatr\u00eda<\/h2>\n\t\t\t\t\t\t\t<div class=\"ha-card-text\">\n\t\t\t\t\t<p>Ayudamos a restaurar la funci\u00f3n f\u00edsica y la calidad de vida de pacientes con lesiones o discapacidades, a trav\u00e9s de programas de rehabilitaci\u00f3n personalizados.<\/p>\n\t\t\t\t<\/div>\n\t\t\t\n\t\t\t\t\t<\/div>\n\t\t\t\t\t\t<\/div>\n\t\t\t\t<\/div>\n\t\t\t\t<div class=\"elementor-element elementor-element-2b65504 ha-card--top ha-card--tablet-top ha-card--mobile-top elementor-widget elementor-widget-ha-card happy-addon ha-card\" data-id=\"2b65504\" data-element_type=\"widget\" data-e-type=\"widget\" data-widget_type=\"ha-card.default\">\n\t\t\t\t<div class=\"elementor-widget-container\">\n\t\t\t\t\t\n\t\t\t\t\t<figure class=\"ha-card-figure\">\n\t\t\t\t<img loading=\"lazy\" decoding=\"async\" width=\"681\" height=\"1024\" src=\"https:\/\/clinicaguadalupemaracay.com\/wp-content\/uploads\/2025\/07\/DSC_0437-681x1024.jpg\" class=\"attachment-large size-large wp-image-2544\" alt=\"\" srcset=\"https:\/\/clinicaguadalupemaracay.com\/wp-content\/uploads\/2025\/07\/DSC_0437-681x1024.jpg 681w, https:\/\/clinicaguadalupemaracay.com\/wp-content\/uploads\/2025\/07\/DSC_0437-199x300.jpg 199w, https:\/\/clinicaguadalupemaracay.com\/wp-content\/uploads\/2025\/07\/DSC_0437-768x1155.jpg 768w, https:\/\/clinicaguadalupemaracay.com\/wp-content\/uploads\/2025\/07\/DSC_0437-1021x1536.jpg 1021w, https:\/\/clinicaguadalupemaracay.com\/wp-content\/uploads\/2025\/07\/DSC_0437-1362x2048.jpg 1362w, https:\/\/clinicaguadalupemaracay.com\/wp-content\/uploads\/2025\/07\/DSC_0437-8x12.jpg 8w, https:\/\/clinicaguadalupemaracay.com\/wp-content\/uploads\/2025\/07\/DSC_0437-scaled.jpg 1702w\" sizes=\"(max-width: 681px) 100vw, 681px\" \/>\t\t\t\t\t\t\t<\/figure>\n\t\t\n\t\t<div class=\"ha-card-body\">\n\n\t\t\t<h2 class=\"ha-card-title\">Odontolog\u00eda<\/h2>\n\t\t\t\t\t\t\t<div class=\"ha-card-text\">\n\t\t\t\t\t<p>Cuidamos tu salud bucal, ofreciendo tratamientos para mantener dientes y enc\u00edas sanos, desde limpiezas hasta procedimientos est\u00e9ticos y restaurativos.<\/p>\n\t\t\t\t<\/div>\n\t\t\t\n\t\t\t\t\t<\/div>\n\t\t\t\t\t\t<\/div>\n\t\t\t\t<\/div>\n\t\t\t\t<div class=\"elementor-element elementor-element-3d6a8f7 ha-card--top ha-card--tablet-top ha-card--mobile-top elementor-widget elementor-widget-ha-card happy-addon ha-card\" data-id=\"3d6a8f7\" data-element_type=\"widget\" data-e-type=\"widget\" data-widget_type=\"ha-card.default\">\n\t\t\t\t<div class=\"elementor-widget-container\">\n\t\t\t\t\t\n\t\t\t\t\t<figure class=\"ha-card-figure\">\n\t\t\t\t<img decoding=\"async\" src=\"https:\/\/images.pexels.com\/photos\/7447010\/pexels-photo-7447010.jpeg\" title=\"\" alt=\"\" loading=\"lazy\" \/>\t\t\t\t\t\t\t<\/figure>\n\t\t\n\t\t<div class=\"ha-card-body\">\n\n\t\t\t<h2 class=\"ha-card-title\">Neumonolog\u00eda<\/h2>\n\t\t\t\t\t\t\t<div class=\"ha-card-text\">\n\t\t\t\t\t<p>Diagn\u00f3stico y tratamiento de las enfermedades respiratorias que afectan tus pulmones y v\u00edas a\u00e9reas, buscando siempre mejorar tu capacidad pulmonar.<\/p>\n\t\t\t\t<\/div>\n\t\t\t\n\t\t\t\t\t<\/div>\n\t\t\t\t\t\t<\/div>\n\t\t\t\t<\/div>\n\t\t\t\t<div class=\"elementor-element elementor-element-b08693a ha-card--top ha-card--tablet-top ha-card--mobile-top elementor-widget elementor-widget-ha-card happy-addon ha-card\" data-id=\"b08693a\" data-element_type=\"widget\" data-e-type=\"widget\" data-widget_type=\"ha-card.default\">\n\t\t\t\t<div class=\"elementor-widget-container\">\n\t\t\t\t\t\n\t\t\t\t\t<figure class=\"ha-card-figure\">\n\t\t\t\t<img decoding=\"async\" src=\"https:\/\/images.pexels.com\/photos\/19131220\/pexels-photo-19131220.jpeg\" title=\"\" alt=\"\" loading=\"lazy\" \/>\t\t\t\t\t\t\t<\/figure>\n\t\t\n\t\t<div class=\"ha-card-body\">\n\n\t\t\t<h2 class=\"ha-card-title\">Internistas<\/h2>\n\t\t\t\t\t\t\t<div class=\"ha-card-text\">\n\t\t\t\t\t<p>Ofrecemos atenci\u00f3n m\u00e9dica integral para adultos, abordando una amplia gama de enfermedades complejas y cr\u00f3nicas, con un enfoque en la prevenci\u00f3n y el bienestar general.<\/p>\n\t\t\t\t<\/div>\n\t\t\t\n\t\t\t\t\t<\/div>\n\t\t\t\t\t\t<\/div>\n\t\t\t\t<\/div>\n\t\t\t\t<div class=\"elementor-element elementor-element-cac91d1 ha-card--top ha-card--tablet-top ha-card--mobile-top elementor-widget elementor-widget-ha-card happy-addon ha-card\" data-id=\"cac91d1\" data-element_type=\"widget\" data-e-type=\"widget\" data-widget_type=\"ha-card.default\">\n\t\t\t\t<div class=\"elementor-widget-container\">\n\t\t\t\t\t\n\t\t\t\t\t<figure class=\"ha-card-figure\">\n\t\t\t\t<img decoding=\"async\" src=\"https:\/\/images.pexels.com\/photos\/4226119\/pexels-photo-4226119.jpeg\" title=\"\" alt=\"\" loading=\"lazy\" \/>\t\t\t\t\t\t\t<\/figure>\n\t\t\n\t\t<div class=\"ha-card-body\">\n\n\t\t\t<h2 class=\"ha-card-title\">Neurolog\u00eda<\/h2>\n\t\t\t\t\t\t\t<div class=\"ha-card-text\">\n\t\t\t\t\t<p>Nos dedicamos al estudio, diagn\u00f3stico y tratamiento de las enfermedades que afectan el cerebro, la m\u00e9dula espinal y el sistema nervioso.<\/p>\n\t\t\t\t<\/div>\n\t\t\t\n\t\t\t\t\t<\/div>\n\t\t\t\t\t\t<\/div>\n\t\t\t\t<\/div>\n\t\t\t\t<div class=\"elementor-element elementor-element-22cc14a ha-card--top ha-card--tablet-top ha-card--mobile-top elementor-widget elementor-widget-ha-card happy-addon ha-card\" data-id=\"22cc14a\" data-element_type=\"widget\" data-e-type=\"widget\" data-widget_type=\"ha-card.default\">\n\t\t\t\t<div class=\"elementor-widget-container\">\n\t\t\t\t\t\n\t\t\t\t\t<figure class=\"ha-card-figure\">\n\t\t\t\t<img decoding=\"async\" src=\"https:\/\/i.pinimg.com\/736x\/43\/20\/0b\/43200b20e4493b965e51d00365346aea.jpg\" title=\"\" alt=\"nefrologia\" loading=\"lazy\" \/>\t\t\t\t\t\t\t<\/figure>\n\t\t\n\t\t<div class=\"ha-card-body\">\n\n\t\t\t<h2 class=\"ha-card-title\">Nefrolog\u00eda<\/h2>\n\t\t\t\t\t\t\t<div class=\"ha-card-text\">\n\t\t\t\t\t<p>Nos encargamos del diagn\u00f3stico y tratamiento de las enfermedades renales, incluyendo la insuficiencia renal y los trastornos de los ri\u00f1ones, para preservar tu salud renal.<\/p>\n\t\t\t\t<\/div>\n\t\t\t\n\t\t\t\t\t<\/div>\n\t\t\t\t\t\t<\/div>\n\t\t\t\t<\/div>\n\t\t\t\t\t<\/div>\n\t\t\t\t<\/div>\n\t\t\t\t<\/div>","protected":false},"excerpt":{"rendered":"<p>Especialidades M\u00e9dicas Cirug\u00eda General Procedimientos quir\u00fargicos especializados en enfermedades del sistema digestivo, abdominal y otros \u00f3rganos, brindando soluciones efectivas y seguras. Urolog\u00eda Diagn\u00f3stico y tratamiento de enfermedades del sistema urinario, trastornos de la vejiga, ri\u00f1ones, pr\u00f3stata y sistema reproductivo. (hombres y mujeres). Ginecolog\u00eda Cuidado integral de la salud femenina, ex\u00e1menes, asesoramiento en anticoncepci\u00f3n, seguimiento del [&hellip;]<\/p>\n","protected":false},"author":1,"featured_media":0,"parent":0,"menu_order":0,"comment_status":"closed","ping_status":"closed","template":"","meta":{"footnotes":""},"class_list":["post-2161","page","type-page","status-publish","hentry"],"blocksy_meta":{"has_hero_section":"disabled","vertical_spacing_source":"custom","content_area_spacing":"none","styles_descriptor":{"styles":{"desktop":"","tablet":"","mobile":""},"google_fonts":[],"version":6}},"_links":{"self":[{"href":"https:\/\/clinicaguadalupemaracay.com\/en\/wp-json\/wp\/v2\/pages\/2161","targetHints":{"allow":["GET"]}}],"collection":[{"href":"https:\/\/clinicaguadalupemaracay.com\/en\/wp-json\/wp\/v2\/pages"}],"about":[{"href":"https:\/\/clinicaguadalupemaracay.com\/en\/wp-json\/wp\/v2\/types\/page"}],"author":[{"embeddable":true,"href":"https:\/\/clinicaguadalupemaracay.com\/en\/wp-json\/wp\/v2\/users\/1"}],"replies":[{"embeddable":true,"href":"https:\/\/clinicaguadalupemaracay.com\/en\/wp-json\/wp\/v2\/comments?post=2161"}],"version-history":[{"count":25,"href":"https:\/\/clinicaguadalupemaracay.com\/en\/wp-json\/wp\/v2\/pages\/2161\/revisions"}],"predecessor-version":[{"id":2549,"href":"https:\/\/clinicaguadalupemaracay.com\/en\/wp-json\/wp\/v2\/pages\/2161\/revisions\/2549"}],"wp:attachment":[{"href":"https:\/\/clinicaguadalupemaracay.com\/en\/wp-json\/wp\/v2\/media?parent=2161"}],"curies":[{"name":"wp","href":"https:\/\/api.w.org\/{rel}","templated":true}]}}